{"id":15407,"date":"2023-09-15T18:14:48","date_gmt":"2023-09-15T22:14:48","guid":{"rendered":"https:\/\/www.dasogreen.com\/sistemas-de-vigilancia-por-circuito-cerrado-de-television\/"},"modified":"2023-09-15T20:13:16","modified_gmt":"2023-09-15T20:13:16","slug":"sistemas-de-vigilancia-por-circuito-cerrado-de-television","status":"publish","type":"page","link":"https:\/\/dasogreen.com\/es\/sistemas-de-vigilancia-por-circuito-cerrado-de-television\/","title":{"rendered":"Sistemas de vigilancia por circuito cerrado de televisi\u00f3n"},"content":{"rendered":"\t\t<div data-elementor-type=\"wp-page\" data-elementor-id=\"15407\" class=\"elementor elementor-15407\" data-elementor-post-type=\"page\">\n\t\t\t\t\t\t<section class=\"elementor-section elementor-top-section elementor-element elementor-element-3e2677e elementor-section-boxed elementor-section-height-default elementor-section-height-default\" data-id=\"3e2677e\" data-element_type=\"section\" data-e-type=\"section\">\n\t\t\t\t\t\t<div class=\"elementor-container elementor-column-gap-default\">\n\t\t\t\t\t<div class=\"elementor-column elementor-col-100 elementor-top-column elementor-element elementor-element-1d6b94e\" data-id=\"1d6b94e\" data-element_type=\"column\" data-e-type=\"column\">\n\t\t\t<div class=\"elementor-widget-wrap elementor-element-populated\">\n\t\t\t\t\t\t<div class=\"elementor-element elementor-element-b26b949 elementor-widget elementor-widget-image\" data-id=\"b26b949\" data-element_type=\"widget\" data-e-type=\"widget\" data-widget_type=\"image.default\">\n\t\t\t\t<div class=\"elementor-widget-container\">\n\t\t\t\t\t\t\t\t\t\t\t\t\t\t\t<img fetchpriority=\"high\" decoding=\"async\" width=\"1199\" height=\"800\" src=\"https:\/\/dasogreen.com\/wp-content\/uploads\/2023\/09\/Shutterstock-X5ad1R3Qmy.jpg\" class=\"attachment-large size-large wp-image-15371\" alt=\"\" srcset=\"https:\/\/dasogreen.com\/wp-content\/uploads\/2023\/09\/Shutterstock-X5ad1R3Qmy.jpg 1200w, https:\/\/dasogreen.com\/wp-content\/uploads\/2023\/09\/Shutterstock-X5ad1R3Qmy-599x400.jpg 599w, https:\/\/dasogreen.com\/wp-content\/uploads\/2023\/09\/Shutterstock-X5ad1R3Qmy-768x513.jpg 768w\" sizes=\"(max-width: 1199px) 100vw, 1199px\" \/>\t\t\t\t\t\t\t\t\t\t\t\t\t\t\t<\/div>\n\t\t\t\t<\/div>\n\t\t\t\t\t<\/div>\n\t\t<\/div>\n\t\t\t\t\t<\/div>\n\t\t<\/section>\n\t\t\t\t<section class=\"elementor-section elementor-top-section elementor-element elementor-element-ab35920 elementor-section-boxed elementor-section-height-default elementor-section-height-default\" data-id=\"ab35920\" data-element_type=\"section\" data-e-type=\"section\">\n\t\t\t\t\t\t<div class=\"elementor-container elementor-column-gap-default\">\n\t\t\t\t\t<div class=\"elementor-column elementor-col-100 elementor-top-column elementor-element elementor-element-5fa84f1\" data-id=\"5fa84f1\" data-element_type=\"column\" data-e-type=\"column\">\n\t\t\t<div class=\"elementor-widget-wrap elementor-element-populated\">\n\t\t\t\t\t\t<div class=\"elementor-element elementor-element-83853bd elementor-widget elementor-widget-text-editor\" data-id=\"83853bd\" data-element_type=\"widget\" data-e-type=\"widget\" data-widget_type=\"text-editor.default\">\n\t\t\t\t<div class=\"elementor-widget-container\">\n\t\t\t\t\t\t\t\t\t<p>DASO Green Technologies instala sistemas de c\u00e1maras CCTV tanto en aplicaciones residenciales como comerciales. Disponemos de diversas soluciones para satisfacer sus necesidades espec\u00edficas. A diferencia de muchos de nuestros competidores, que s\u00f3lo ofrecen un sistema, nosotros disponemos de una amplia selecci\u00f3n de sistemas.  <\/p>\n\t\t\t\t\t\t\t\t<\/div>\n\t\t\t\t<\/div>\n\t\t\t\t\t<\/div>\n\t\t<\/div>\n\t\t\t\t\t<\/div>\n\t\t<\/section>\n\t\t\t\t<section class=\"elementor-section elementor-top-section elementor-element elementor-element-7e1d0d4 elementor-section-boxed elementor-section-height-default elementor-section-height-default\" data-id=\"7e1d0d4\" data-element_type=\"section\" data-e-type=\"section\">\n\t\t\t\t\t\t<div class=\"elementor-container elementor-column-gap-default\">\n\t\t\t\t\t<div class=\"elementor-column elementor-col-50 elementor-top-column elementor-element elementor-element-381a9d2\" data-id=\"381a9d2\" data-element_type=\"column\" data-e-type=\"column\">\n\t\t\t<div class=\"elementor-widget-wrap elementor-element-populated\">\n\t\t\t\t\t\t<div class=\"elementor-element elementor-element-88888e2 elementor-widget elementor-widget-image\" data-id=\"88888e2\" data-element_type=\"widget\" data-e-type=\"widget\" data-widget_type=\"image.default\">\n\t\t\t\t<div class=\"elementor-widget-container\">\n\t\t\t\t\t\t\t\t\t\t\t\t\t\t\t<img decoding=\"async\" width=\"1178\" height=\"800\" src=\"https:\/\/dasogreen.com\/wp-content\/uploads\/2023\/09\/Shutterstock-dXaA1RLUWe-1178x800.jpg\" class=\"attachment-large size-large wp-image-15374\" alt=\"\" srcset=\"https:\/\/dasogreen.com\/wp-content\/uploads\/2023\/09\/Shutterstock-dXaA1RLUWe-1178x800.jpg 1178w, https:\/\/dasogreen.com\/wp-content\/uploads\/2023\/09\/Shutterstock-dXaA1RLUWe-589x400.jpg 589w, https:\/\/dasogreen.com\/wp-content\/uploads\/2023\/09\/Shutterstock-dXaA1RLUWe-768x522.jpg 768w, https:\/\/dasogreen.com\/wp-content\/uploads\/2023\/09\/Shutterstock-dXaA1RLUWe.jpg 1200w\" sizes=\"(max-width: 1178px) 100vw, 1178px\" \/>\t\t\t\t\t\t\t\t\t\t\t\t\t\t\t<\/div>\n\t\t\t\t<\/div>\n\t\t\t\t\t<\/div>\n\t\t<\/div>\n\t\t\t\t<div class=\"elementor-column elementor-col-50 elementor-top-column elementor-element elementor-element-8d4de55\" data-id=\"8d4de55\" data-element_type=\"column\" data-e-type=\"column\">\n\t\t\t<div class=\"elementor-widget-wrap elementor-element-populated\">\n\t\t\t\t\t\t<div class=\"elementor-element elementor-element-d79c651 elementor-widget elementor-widget-image\" data-id=\"d79c651\" data-element_type=\"widget\" data-e-type=\"widget\" data-widget_type=\"image.default\">\n\t\t\t\t<div class=\"elementor-widget-container\">\n\t\t\t\t\t\t\t\t\t\t\t\t\t\t\t<img decoding=\"async\" width=\"1200\" height=\"800\" src=\"https:\/\/dasogreen.com\/wp-content\/uploads\/2023\/09\/mobile-phone-monitoring.jpg\" class=\"attachment-large size-large wp-image-15378\" alt=\"\" srcset=\"https:\/\/dasogreen.com\/wp-content\/uploads\/2023\/09\/mobile-phone-monitoring.jpg 1200w, https:\/\/dasogreen.com\/wp-content\/uploads\/2023\/09\/mobile-phone-monitoring-600x400.jpg 600w, https:\/\/dasogreen.com\/wp-content\/uploads\/2023\/09\/mobile-phone-monitoring-768x512.jpg 768w\" sizes=\"(max-width: 1200px) 100vw, 1200px\" \/>\t\t\t\t\t\t\t\t\t\t\t\t\t\t\t<\/div>\n\t\t\t\t<\/div>\n\t\t\t\t\t<\/div>\n\t\t<\/div>\n\t\t\t\t\t<\/div>\n\t\t<\/section>\n\t\t\t\t<\/div>\n\t\t","protected":false},"excerpt":{"rendered":"<p>DASO Green Technologies instala sistemas de c\u00e1maras CCTV tanto en aplicaciones residenciales como comerciales. Disponemos de diversas soluciones para satisfacer sus necesidades espec\u00edficas. A diferencia de muchos de nuestros competidores, que s\u00f3lo ofrecen un sistema, nosotros disponemos de una amplia selecci\u00f3n de sistemas.<\/p>\n","protected":false},"author":1,"featured_media":0,"parent":0,"menu_order":0,"comment_status":"closed","ping_status":"closed","template":"","meta":{"_acf_changed":false,"ocean_post_layout":"","ocean_both_sidebars_style":"","ocean_both_sidebars_content_width":0,"ocean_both_sidebars_sidebars_width":0,"ocean_sidebar":"","ocean_second_sidebar":"","ocean_disable_margins":"enable","ocean_add_body_class":"","ocean_shortcode_before_top_bar":"","ocean_shortcode_after_top_bar":"","ocean_shortcode_before_header":"","ocean_shortcode_after_header":"","ocean_has_shortcode":"","ocean_shortcode_after_title":"","ocean_shortcode_before_footer_widgets":"","ocean_shortcode_after_footer_widgets":"","ocean_shortcode_before_footer_bottom":"","ocean_shortcode_after_footer_bottom":"","ocean_display_top_bar":"default","ocean_display_header":"default","ocean_header_style":"","ocean_center_header_left_menu":"","ocean_custom_header_template":"","ocean_custom_logo":0,"ocean_custom_retina_logo":0,"ocean_custom_logo_max_width":0,"ocean_custom_logo_tablet_max_width":0,"ocean_custom_logo_mobile_max_width":0,"ocean_custom_logo_max_height":0,"ocean_custom_logo_tablet_max_height":0,"ocean_custom_logo_mobile_max_height":0,"ocean_header_custom_menu":"","ocean_menu_typo_font_family":"","ocean_menu_typo_font_subset":"","ocean_menu_typo_font_size":0,"ocean_menu_typo_font_size_tablet":0,"ocean_menu_typo_font_size_mobile":0,"ocean_menu_typo_font_size_unit":"px","ocean_menu_typo_font_weight":"","ocean_menu_typo_font_weight_tablet":"","ocean_menu_typo_font_weight_mobile":"","ocean_menu_typo_transform":"","ocean_menu_typo_transform_tablet":"","ocean_menu_typo_transform_mobile":"","ocean_menu_typo_line_height":0,"ocean_menu_typo_line_height_tablet":0,"ocean_menu_typo_line_height_mobile":0,"ocean_menu_typo_line_height_unit":"","ocean_menu_typo_spacing":0,"ocean_menu_typo_spacing_tablet":0,"ocean_menu_typo_spacing_mobile":0,"ocean_menu_typo_spacing_unit":"","ocean_menu_link_color":"","ocean_menu_link_color_hover":"","ocean_menu_link_color_active":"","ocean_menu_link_background":"","ocean_menu_link_hover_background":"","ocean_menu_link_active_background":"","ocean_menu_social_links_bg":"","ocean_menu_social_hover_links_bg":"","ocean_menu_social_links_color":"","ocean_menu_social_hover_links_color":"","ocean_disable_title":"default","ocean_disable_heading":"default","ocean_post_title":"","ocean_post_subheading":"","ocean_post_title_style":"","ocean_post_title_background_color":"","ocean_post_title_background":0,"ocean_post_title_bg_image_position":"","ocean_post_title_bg_image_attachment":"","ocean_post_title_bg_image_repeat":"","ocean_post_title_bg_image_size":"","ocean_post_title_height":0,"ocean_post_title_bg_overlay":0.5,"ocean_post_title_bg_overlay_color":"","ocean_disable_breadcrumbs":"default","ocean_breadcrumbs_color":"","ocean_breadcrumbs_separator_color":"","ocean_breadcrumbs_links_color":"","ocean_breadcrumbs_links_hover_color":"","ocean_display_footer_widgets":"default","ocean_display_footer_bottom":"default","ocean_custom_footer_template":"","footnotes":""},"class_list":["post-15407","page","type-page","status-publish","hentry","entry","owp-thumbs-layout-horizontal","owp-btn-normal","owp-tabs-layout-horizontal","has-no-thumbnails","has-product-nav"],"acf":[],"_links":{"self":[{"href":"https:\/\/dasogreen.com\/es\/wp-json\/wp\/v2\/pages\/15407","targetHints":{"allow":["GET"]}}],"collection":[{"href":"https:\/\/dasogreen.com\/es\/wp-json\/wp\/v2\/pages"}],"about":[{"href":"https:\/\/dasogreen.com\/es\/wp-json\/wp\/v2\/types\/page"}],"author":[{"embeddable":true,"href":"https:\/\/dasogreen.com\/es\/wp-json\/wp\/v2\/users\/1"}],"replies":[{"embeddable":true,"href":"https:\/\/dasogreen.com\/es\/wp-json\/wp\/v2\/comments?post=15407"}],"version-history":[{"count":0,"href":"https:\/\/dasogreen.com\/es\/wp-json\/wp\/v2\/pages\/15407\/revisions"}],"wp:attachment":[{"href":"https:\/\/dasogreen.com\/es\/wp-json\/wp\/v2\/media?parent=15407"}],"curies":[{"name":"wp","href":"https:\/\/api.w.org\/{rel}","templated":true}]}}